{"id":23,"date":"2020-05-23T15:29:43","date_gmt":"2020-05-23T13:29:43","guid":{"rendered":"http:\/\/yachtclubostenmeer.de\/?page_id=23"},"modified":"2026-03-27T17:14:14","modified_gmt":"2026-03-27T16:14:14","slug":"termine","status":"publish","type":"page","link":"https:\/\/yachtclubostenmeer.de\/?page_id=23","title":{"rendered":"Termine"},"content":{"rendered":"\n<p class=\"has-text-align-left\"><strong>2026<\/strong><\/p>\n\n\n\n<p>Termine als &#8212;&gt;<a href=\"https:\/\/yachtclubostenmeer.de\/wp-content\/uploads\/2026\/03\/Termin-YCO-2026.pdf\">PDF<\/a>&lt;&#8212;- zum Laden und Speichern<\/p>\n\n\n\n<p><\/p>\n\n\n\n<hr class=\"wp-block-separator has-alpha-channel-opacity\"\/>\n\n\n\n<p class=\"has-text-align-left\"><strong>Jahreshauptversammlung<\/strong><\/p>\n\n\n\n<p class=\"has-text-align-left\">Die Jahreshauptversammlung <strong>2026 <\/strong>ist am 08. M\u00e4rz 2026 um 11:00 Uhr im SLSV<\/p>\n\n\n\n<hr class=\"wp-block-separator has-alpha-channel-opacity\"\/>\n\n\n\n<p class=\"has-text-align-left\"><strong>Hafendienst Saisoner\u00f6ffnung<\/strong><\/p>\n\n\n\n<p>14.03.2026 um 15:00 Uhr <\/p>\n\n\n\n<p class=\"has-text-align-left\">Einladung erfolgt per Mail.<\/p>\n\n\n\n<hr class=\"wp-block-separator has-alpha-channel-opacity\"\/>\n\n\n\n<p class=\"has-text-align-left\"><strong>Twilight Race<\/strong><\/p>\n\n\n\n<p class=\"has-text-align-left\">Saison\u00fcbergreifende, offene Yardstick-Regatta f\u00fcr alle Einrumpf-Boote am Steinhuder Meer<\/p>\n\n\n\n<p class=\"has-text-align-left\">Infos zum Twilight &#8212;&gt;<a href=\"https:\/\/yachtclubostenmeer.de\/wp-content\/uploads\/2026\/03\/IMG_1580.jpeg\">Plakat2026<\/a>&lt;&#8212;<\/p>\n\n\n\n<hr class=\"wp-block-separator has-alpha-channel-opacity\"\/>\n\n\n\n<p class=\"has-text-align-left\"><strong>1. Segelausfahrt mit Grillen<\/strong><\/p>\n\n\n\n<p class=\"has-text-align-left\">30.05.2026 Beginn wird mit der Einladung bekannt gegeben. Details folgen per Mail.<\/p>\n\n\n\n<hr class=\"wp-block-separator has-alpha-channel-opacity\"\/>\n\n\n\n<p class=\"has-text-align-left\"><strong>Jugendwochenende im SLSV<\/strong><\/p>\n\n\n\n<p class=\"has-text-align-left\">14.05. bis 17.05.2026 \/ Nachfragen direkt \u00fcber den SLSV <a href=\"https:\/\/www.slsv.de\/jugend\/jugendwoche\/\">Infos zum Wochenende<\/a><\/p>\n\n\n\n<p>Anmeldungen erfolgen in Manage2Sail<\/p>\n\n\n\n<hr class=\"wp-block-separator has-alpha-channel-opacity\"\/>\n\n\n\n<p class=\"has-text-align-left\"><strong>Jugendwoche im SLSV<\/strong><\/p>\n\n\n\n<p class=\"has-text-align-left\">19.07.2026 bis 24.07.2026 Anmeldung \/ Nachfragen direkt \u00fcber den SLSV <a href=\"https:\/\/www.slsv.de\/jugend\/jugendwoche\/\" target=\"_blank\" rel=\"noreferrer noopener\">Infos zur Segelwoche<\/a><\/p>\n\n\n\n<p>Anmeldungen erfolgen \u00fcber Manage2Sail<\/p>\n\n\n\n<hr class=\"wp-block-separator has-alpha-channel-opacity\"\/>\n\n\n\n<p class=\"has-text-align-left\"><strong>Twilight Race zu Gast im YCO<\/strong><\/p>\n\n\n\n<p>02.07.2026 ist der YCO Gastgeber und Ausrichter dieses TwilightRace<\/p>\n\n\n\n<p>Beginn wird mit der Einladung bekannt gegeben. Details folgen per Mail.<\/p>\n\n\n\n<hr class=\"wp-block-separator has-alpha-channel-opacity\"\/>\n\n\n\n\n\n<p><strong>Jubil\u00e4um 60 Jahre YCO<\/strong><\/p>\n\n\n\n<p>22.08.2026 Beginn wird mit der Einladung bekannt gegeben. Details folgen per Mail.<\/p>\n\n\n\n<p>(Das Festliche Wochenende 2026 wurde abgesagt, kein Steinhuder Meer in Flammen)<\/p>\n\n\n\n<hr class=\"wp-block-separator has-alpha-channel-opacity\"\/>\n\n\n\n<p class=\"has-text-align-left\"><strong>2. Segelausfahrt mit Grillen<\/strong><\/p>\n\n\n\n<p class=\"has-text-align-left\">19.09.2026 Gemeinsame Segelausfahrt mit Grillen <\/p>\n\n\n\n<p>Beginn wird mit der Einladung bekannt gegeben. Details folgen per Mail.<\/p>\n\n\n\n<hr class=\"wp-block-separator has-alpha-channel-opacity\"\/>\n\n\n\n<p class=\"has-text-align-left\"><strong>Hafendienst Saisonabschlu\u00df<\/strong><\/p>\n\n\n\n<p class=\"has-text-align-left\">31.10.2026 Hafendienst zum Saisonabschluss<\/p>\n\n\n\n<p>Treffen um 14:00 am Container. Weitere Informationen per Mail.<\/p>\n\n\n\n<p class=\"has-text-align-center\"><\/p>\n\n\n\n<hr class=\"wp-block-separator has-alpha-channel-opacity\"\/>\n\n\n\n<hr class=\"wp-block-separator has-alpha-channel-opacity\"\/>\n\n\n\n<p class=\"has-text-align-center\">Wir planen unsere Termine, Vorstandssitzungen, Jahreshauptversammlungen und vieles mehr mit&nbsp;<a href=\"http:\/\/fragab.de\"><img loading=\"lazy\" decoding=\"async\" width=\"150\" height=\"73\" class=\"wp-image-456\" style=\"width: 150px;\" src=\"https:\/\/yachtclubostenmeer.de\/wp-content\/uploads\/2025\/03\/fragab.png\" alt=\"Link zu Fragab dem Tool f\u00fcr Termine, Umfragen und Organisation\" srcset=\"https:\/\/yachtclubostenmeer.de\/wp-content\/uploads\/2025\/03\/fragab.png 512w, https:\/\/yachtclubostenmeer.de\/wp-content\/uploads\/2025\/03\/fragab-300x146.png 300w\" sizes=\"auto, (max-width: 150px) 100vw, 150px\" \/><\/a><\/p>\n\n\n\n<p><\/p>\n\n\n\n<p><\/p>\n","protected":false},"excerpt":{"rendered":"<p class=\"excerpt\">2026 Termine als &#8212;&gt;PDF&lt;&#8212;- zum Laden und Speichern Jahreshauptversammlung Die Jahreshauptversammlung 2026 ist am 08. M\u00e4rz 2026 um 11:00 Uhr im SLSV Hafendienst Saisoner\u00f6ffnung 14.03.2026 um 15:00 Uhr Einladung erfolgt per Mail. Twilight Race Saison\u00fcbergreifende, offene Yardstick-Regatta f\u00fcr alle Einrumpf-Boote am Steinhuder Meer Infos zum Twilight &#8212;&gt;Plakat2026&lt;&#8212; 1. Segelausfahrt mit Grillen 30.05.2026 Beginn wird mit der Einladung bekannt gegeben. Details&hellip;<\/p>\n<p class=\"more-link-p\"><a class=\"btn btn-default\" href=\"https:\/\/yachtclubostenmeer.de\/?page_id=23\">Read more<\/a><\/p>\n","protected":false},"author":1,"featured_media":0,"parent":0,"menu_order":0,"comment_status":"closed","ping_status":"closed","template":"","meta":{"footnotes":""},"class_list":["post-23","page","type-page","status-publish","hentry"],"_links":{"self":[{"href":"https:\/\/yachtclubostenmeer.de\/index.php?rest_route=\/wp\/v2\/pages\/23","targetHints":{"allow":["GET"]}}],"collection":[{"href":"https:\/\/yachtclubostenmeer.de\/index.php?rest_route=\/wp\/v2\/pages"}],"about":[{"href":"https:\/\/yachtclubostenmeer.de\/index.php?rest_route=\/wp\/v2\/types\/page"}],"author":[{"embeddable":true,"href":"https:\/\/yachtclubostenmeer.de\/index.php?rest_route=\/wp\/v2\/users\/1"}],"replies":[{"embeddable":true,"href":"https:\/\/yachtclubostenmeer.de\/index.php?rest_route=%2Fwp%2Fv2%2Fcomments&post=23"}],"version-history":[{"count":58,"href":"https:\/\/yachtclubostenmeer.de\/index.php?rest_route=\/wp\/v2\/pages\/23\/revisions"}],"predecessor-version":[{"id":532,"href":"https:\/\/yachtclubostenmeer.de\/index.php?rest_route=\/wp\/v2\/pages\/23\/revisions\/532"}],"wp:attachment":[{"href":"https:\/\/yachtclubostenmeer.de\/index.php?rest_route=%2Fwp%2Fv2%2Fmedia&parent=23"}],"curies":[{"name":"wp","href":"https:\/\/api.w.org\/{rel}","templated":true}]}}