{"id":21,"date":"2020-05-23T13:29:43","date_gmt":"2020-05-23T13:29:43","guid":{"rendered":"http:\/\/yachtclubostenmeer.de\/?page_id=21"},"modified":"2023-01-23T15:11:02","modified_gmt":"2023-01-23T14:11:02","slug":"der-hafen","status":"publish","type":"page","link":"https:\/\/yachtclubostenmeer.de\/?page_id=21","title":{"rendered":"Der Hafen"},"content":{"rendered":"\n<p><\/p>\n\n\n\n<p><\/p>\n\n\n\n<p class=\"has-text-align-left has-medium-font-size\">Der Hafen liegt direkt im Landschaftsschutzgebiet Ostenmeer und ist \u00fcber den \u00f6ffentlichen Zuweg &#8222;F\u00f6rsterwiese&#8220; zu erreichen. <\/p>\n\n\n\n<p class=\"has-text-align-center\"> <img loading=\"lazy\" decoding=\"async\" width=\"20\" height=\"14\" class=\"wp-image-8\" style=\"width: 20px;\" src=\"https:\/\/yachtclubostenmeer.de\/wp-content\/uploads\/2020\/05\/YC_Ostenmeer.jpg\" alt=\"\"><\/p>\n\n\n\n<p class=\"has-medium-font-size\">Der YCO verf\u00fcgt \u00fcber 48 Liegepl\u00e4tze f\u00fcr Segel-  und Elektroboote.<\/p>\n\n\n\n<p class=\"has-text-align-center\"> <img loading=\"lazy\" decoding=\"async\" width=\"20\" height=\"14\" class=\"wp-image-8\" style=\"width: 20px;\" src=\"https:\/\/yachtclubostenmeer.de\/wp-content\/uploads\/2020\/05\/YC_Ostenmeer.jpg\" alt=\"\"><\/p>\n\n\n\n<p class=\"has-medium-font-size\">Ausgehoben und Befestigt wurde das Hafenbecken in den fr\u00fchen 60er Jahren gr\u00f6\u00dftenteils durch Handarbeit der Anwohner und Gr\u00fcndungsmitglieder.<\/p>\n","protected":false},"excerpt":{"rendered":"<p class=\"excerpt\">Der Hafen liegt direkt im Landschaftsschutzgebiet Ostenmeer und ist \u00fcber den \u00f6ffentlichen Zuweg &#8222;F\u00f6rsterwiese&#8220; zu erreichen. Der YCO verf\u00fcgt \u00fcber 48 Liegepl\u00e4tze f\u00fcr Segel- und Elektroboote. Ausgehoben und Befestigt wurde das Hafenbecken in den fr\u00fchen 60er Jahren gr\u00f6\u00dftenteils durch Handarbeit der Anwohner und Gr\u00fcndungsmitglieder.<\/p>\n<p class=\"more-link-p\"><a class=\"btn btn-default\" href=\"https:\/\/yachtclubostenmeer.de\/?page_id=21\">Read more<\/a><\/p>\n","protected":false},"author":1,"featured_media":0,"parent":0,"menu_order":0,"comment_status":"closed","ping_status":"closed","template":"","meta":{"footnotes":""},"class_list":["post-21","page","type-page","status-publish","hentry"],"_links":{"self":[{"href":"https:\/\/yachtclubostenmeer.de\/index.php?rest_route=\/wp\/v2\/pages\/21","targetHints":{"allow":["GET"]}}],"collection":[{"href":"https:\/\/yachtclubostenmeer.de\/index.php?rest_route=\/wp\/v2\/pages"}],"about":[{"href":"https:\/\/yachtclubostenmeer.de\/index.php?rest_route=\/wp\/v2\/types\/page"}],"author":[{"embeddable":true,"href":"https:\/\/yachtclubostenmeer.de\/index.php?rest_route=\/wp\/v2\/users\/1"}],"replies":[{"embeddable":true,"href":"https:\/\/yachtclubostenmeer.de\/index.php?rest_route=%2Fwp%2Fv2%2Fcomments&post=21"}],"version-history":[{"count":11,"href":"https:\/\/yachtclubostenmeer.de\/index.php?rest_route=\/wp\/v2\/pages\/21\/revisions"}],"predecessor-version":[{"id":273,"href":"https:\/\/yachtclubostenmeer.de\/index.php?rest_route=\/wp\/v2\/pages\/21\/revisions\/273"}],"wp:attachment":[{"href":"https:\/\/yachtclubostenmeer.de\/index.php?rest_route=%2Fwp%2Fv2%2Fmedia&parent=21"}],"curies":[{"name":"wp","href":"https:\/\/api.w.org\/{rel}","templated":true}]}}